{"id":187,"date":"2025-05-12T18:13:21","date_gmt":"2025-05-12T16:13:21","guid":{"rendered":"https:\/\/benedicteciscato.com\/?page_id=187"},"modified":"2025-06-02T17:04:58","modified_gmt":"2025-06-02T15:04:58","slug":"mentions-legales","status":"publish","type":"page","link":"https:\/\/benedicteciscato.com\/en\/mentions-legales\/","title":{"rendered":"Legal information"},"content":{"rendered":"<p>[et_pb_section fb_built=\u00a0\u00bb1&Prime; _builder_version=\u00a0\u00bb4.27.4&Prime; _module_preset=\u00a0\u00bbdefault\u00a0\u00bb background_color=\u00a0\u00bbRGBA(255,255,255,0)\u00a0\u00bb custom_padding=\u00a0\u00bb0rem||4rem||false|false\u00a0\u00bb global_colors_info=\u00a0\u00bb{}\u00a0\u00bb][et_pb_row custom_padding_last_edited=\u00a0\u00bbon|phone\u00a0\u00bb _builder_version=\u00a0\u00bb4.27.4&Prime; _module_preset=\u00a0\u00bbdefault\u00a0\u00bb width=\u00a0\u00bb90%\u00a0\u00bb custom_padding_tablet=\u00a0\u00bb\u00a0\u00bb custom_padding_phone=\u00a0\u00bb||1rem||false|false\u00a0\u00bb animation_style=\u00a0\u00bbfade\u00a0\u00bb animation_duration=\u00a0\u00bb450ms\u00a0\u00bb global_colors_info=\u00a0\u00bb{}\u00a0\u00bb][et_pb_column type=\u00a0\u00bb4_4&Prime; _builder_version=\u00a0\u00bb4.27.4&Prime; _module_preset=\u00a0\u00bbdefault\u00a0\u00bb global_colors_info=\u00a0\u00bb{}\u00a0\u00bb][et_pb_text content_tablet=\u00a0\u00bb<\/p>\n<h1>Coaching de dirigeants et entrepreneurs | Management de transition<\/h1>\n<p>\u00a0\u00bb content_phone=\u00a0\u00bb<\/p>\n<h1>Coaching de dirigeants et entrepreneurs<br \/>Management de transition<\/h1>\n<p>\u00a0\u00bb content_last_edited=\u00a0\u00bboff|desktop\u00a0\u00bb _builder_version=\u00a0\u00bb4.27.4&Prime; _module_preset=\u00a0\u00bbdefault\u00a0\u00bb text_text_color=\u00a0\u00bb#FFFFFF\u00a0\u00bb text_orientation=\u00a0\u00bbcenter\u00a0\u00bb custom_margin=\u00a0\u00bb1rem||4rem||false|false\u00a0\u00bb global_colors_info=\u00a0\u00bb{}\u00a0\u00bb]<\/p>\n<h1>Mentions l\u00e9gales<\/h1>\n<p>[\/et_pb_text][et_pb_text _builder_version=\u00a0\u00bb4.27.4&Prime; _module_preset=\u00a0\u00bbdefault\u00a0\u00bb max_width=\u00a0\u00bb1000px\u00a0\u00bb max_width_tablet=\u00a0\u00bb1000px\u00a0\u00bb max_width_phone=\u00a0\u00bb1000px\u00a0\u00bb max_width_last_edited=\u00a0\u00bbon|tablet\u00a0\u00bb module_alignment=\u00a0\u00bbcenter\u00a0\u00bb hover_enabled=\u00a0\u00bb0&Prime; global_colors_info=\u00a0\u00bb{}\u00a0\u00bb sticky_enabled=\u00a0\u00bb0&Prime; header_2_line_height=\u00a0\u00bb1.6em\u00a0\u00bb header_2_font_size_last_edited=\u00a0\u00bbon|phone\u00a0\u00bb header_2_font_size_phone=\u00a0\u00bb24px\u00a0\u00bb]<\/p>\n<p><strong>Ce site est \u00e9dit\u00e9 par :<\/strong><\/p>\n<p>BENEDICTE CISCATO CONSULTING &amp; COACHING<br \/>EURL, entreprise unipersonnelle \u00e0 responsabilit\u00e9 limit\u00e9e<br \/>169 RUE DE LA RIANDERIE, 59700 MARCQ-EN-BAR\u0152UL<br \/>SIRET : 98316404700018<br \/>N\u00b0TVA : FR58983164047<\/p>\n<p><strong>Ce site est h\u00e9berg\u00e9 par :<\/strong><\/p>\n<p>O2Switch, \u00ab\u00a0l\u2019h\u00e9bergeur\u00a0\u00bb dont le si\u00e8ge social est situ\u00e9 :<br \/>CHE DES PARDIAUX 63000 CLERMONT FERRAND. T\u00e9l\u00e9phone : 0144446040.<\/p>\n<p><strong>Le responsable de publication est B\u00e9n\u00e9dicte Ciscato :\u00a0<\/strong><\/p>\n<p>T\u00e9l\u00e9phone : +33627218100<br \/>E-mail : contact@benedicteciscato.com<\/p>\n<p>&nbsp;<\/p>\n<h2>ARTICLE 1 \u2013 Conditions d\u2019utilisation<\/h2>\n<p>Toute personne, \u00ab\u00a0l\u2019utilisateur\u00a0\u00bb, qui acc\u00e8de \u00e0 ce site s\u2019engage \u00e0 respecter les pr\u00e9sentes conditions d\u2019utilisation.<\/p>\n<p>L\u2019\u00e9diteur se r\u00e9serve le droit de modifier et de mettre \u00e0 jour \u00e0 tout moment l\u2019acc\u00e8s au site ainsi que ses conditions d\u2019utilisation. Ces modifications et mises \u00e0 jour s\u2019imposent \u00e0 l\u2019utilisateur qui doit en cons\u00e9quence se r\u00e9f\u00e9rer r\u00e9guli\u00e8rement \u00e0 cette rubrique pour v\u00e9rifier les conditions en vigueur.<\/p>\n<p>&nbsp;<\/p>\n<h2>ARTICLE 2 \u2013 Donn\u00e9es personnelles et autres donn\u00e9es<\/h2>\n<p>Les donn\u00e9es sont exclusivement destin\u00e9es \u00e0 l\u2019\u00e9diteur \u00e0 des fins de communications ou d\u2019op\u00e9rations relatives \u00e0 la gestion de ses clients. Ces informations sont confidentielles et conserv\u00e9es par l\u2019\u00e9diteur en interne, elles ne sont jamais partag\u00e9es avec des tiers.<\/p>\n<p>Conform\u00e9ment \u00e0 la loi \u00ab Informatique et Libert\u00e9s \u00bb du 06\/01\/78 modifi\u00e9e, l\u2019utilisateur dispose d\u2019un droit d\u2019acc\u00e8s, de rectification et de suppression de ses donn\u00e9es ainsi que d\u2019un droit de s\u2019opposer \u00e0 ce que ses donn\u00e9es fassent l\u2019objet d\u2019un traitement en nous contactant par e-mail \u00e0 l\u2019adresse suivante : <a href=\"mailto:contact@benedicteciscato.com\">contact@benedicteciscato.com<\/a><\/p>\n<p>Dans l\u2019hypoth\u00e8se o\u00f9 l\u2019utilisateur a accept\u00e9, en remplissant un formulaire, de recevoir par courriel des informations et sollicitations \u00e9manant de notre site, il aura \u00e0 tout moment la facult\u00e9 de revenir sur cette d\u00e9cision en r\u00e9pondant \u00e0 l\u2019email re\u00e7u ou en envoyant un email avec pour objet \u00ab d\u00e9sabonnement \u00bb \u00e0 l\u2019adresse suivante : <a href=\"mailto:contact@benedicteciscato.com\">contact@benedicteciscato.com<\/a><\/p>\n<p>&nbsp;<\/p>\n<h2>ARTICLE 3 \u2013 Liens hypertextes<\/h2>\n<p>L\u2019\u00e9diteur ne peut en aucun cas \u00eatre tenu pour responsable du contenu des sites qui font l\u2019objet d\u2019un lien hypertexte \u00e0 partir du pr\u00e9sent site.<\/p>\n<p>&nbsp;<\/p>\n<h2>ARTICLE 4 \u2013 Cookies<\/h2>\n<p>La navigation sur ce site est susceptible de provoquer l\u2019installation de cookie(s) sur l\u2019ordinateur de l\u2019utilisateur. Un cookie est un fichier de petite taille, qui ne permet pas l\u2019identification de l\u2019utilisateur, mais qui enregistre des informations relatives \u00e0 la navigation d\u2019un ordinateur sur un site. Les donn\u00e9es ainsi obtenues visent \u00e0 faciliter la navigation ult\u00e9rieure sur le site, et ont \u00e9galement vocation \u00e0 permettre diverses mesures de fr\u00e9quentation.<\/p>\n<p>Le refus d\u2019installation d\u2019un cookie peut entra\u00eener l\u2019impossibilit\u00e9 d\u2019acc\u00e9der \u00e0 certains services. Nous vous informons que vous pouvez vous opposer \u00e0 l\u2019enregistrement de cookies en configurant votre navigateur de la mani\u00e8re suivante :<\/p>\n<p><strong>Pour Microsoft Internet Explorer 7.0 et suivant :<\/strong><\/p>\n<p>1. Dans la barre de menu, choisir le menu outils,<br \/>2. Dans le menu d\u00e9roulant, choisir options internet,<br \/>3. Cliquer sur l\u2019onglet confidentialit\u00e9,<br \/>4. Cliquer sur le bouton avanc\u00e9 de la section param\u00e8tres,<br \/>5. Dans la fen\u00eatre param\u00e8tres de confidentialit\u00e9 avanc\u00e9s v\u00e9rifier que l\u2019option ignorer la<br \/>gestion automatique des cookies n\u2019est pas coch\u00e9e.<\/p>\n<p><strong>Pour Firefox 3 et suivant :<\/strong><\/p>\n<p>1. Dans la barre de menu, choisir le menu outils,<br \/>2. Dans le menu d\u00e9roulant, choisir options,<br \/>3. Cliquer sur l\u2019ic\u00f4ne vie priv\u00e9e,<br \/>4. Cliquer sur le bouton effacer mes traces maintenant\u2026 de la section vie priv\u00e9e,<br \/>5. Cocher l\u2019option cookies dans la fen\u00eatre effacer mes traces et cliquer le bouton effacer mes traces maintenant.<\/p>\n<p><strong>Pour Op\u00e9ra 6.0 suivant :<\/strong><\/p>\n<p>1. Choisissez le menu fichier,<br \/>2. Cliquer sur l\u2019onglet pr\u00e9f\u00e9rences,<br \/>3. Cliquer sur l\u2019onglet vie priv\u00e9e.<\/p>\n<p><strong>Pour Google Chrome :<\/strong><\/p>\n<p>1. Cliquer sur l\u2019ic\u00f4ne,<br \/>2. Dans le menu d\u00e9roulant, choisir options,<br \/>3. Dans la fen\u00eatre options de Google Chrome, choisir l\u2019onglet options avanc\u00e9es,<br \/>4. Dans la section confidentialit\u00e9, \u00e0 la rubrique param\u00e8tre des cookies, choisir autoriser tous les cookies,<br \/>5. Dans la fen\u00eatre cookies, cliquer sur le bouton \u00ab tout supprimer \u00bb.<\/p>\n<p>Nous vous informons n\u00e9anmoins que l\u2019acc\u00e8s \u00e0 certains services et rubriques du site pourra \u00eatre alt\u00e9r\u00e9 voire impossible du fait de la suppression des cookies.<\/p>\n<p>&nbsp;<\/p>\n<h2>ARTICLE 5 \u2013 Contenu du site<\/h2>\n<p>L\u2019\u00e9diteur s\u2019efforce d\u2019assurer l\u2019exactitude et la mise \u00e0 jour r\u00e9guli\u00e8re des informations diffus\u00e9es sur ce site.<\/p>\n<p>L\u2019\u00e9diteur se r\u00e9serve le droit de corriger et modifier \u00e0 tout moment le contenu du site sans que sa responsabilit\u00e9 puisse \u00eatre engag\u00e9e de ce fait, l\u2019\u00e9diteur pouvant apporter \u00e0 tout moment des am\u00e9liorations et\/ou changements au(x) service(s) d\u00e9crits sur ce site.<\/p>\n<p>&nbsp;<\/p>\n<h2>ARTICLE 6 \u2013 Contenu manifestement illicite<\/h2>\n<p>Conform\u00e9ment \u00e0 la loi du 21 juin 2004 pour la confiance dans l\u2019\u00e9conomie num\u00e9rique, vous pouvez alerter l\u2019h\u00e9bergeur de la pr\u00e9sence d\u2019un contenu que vous consid\u00e9rez comme illicite en envoyant un courrier \u00e0 l\u2019adresse figurant en haut de l\u2019article. L\u2019h\u00e9bergeur appr\u00e9ciera le caract\u00e8re illicite des contenus port\u00e9s \u00e0 sa connaissance.<\/p>\n<p>Rappel : le fait, pour toute personne, de pr\u00e9senter un contenu ou une activit\u00e9 comme \u00e9tant illicite dans le but d\u2019en obtenir le retrait ou d\u2019en faire cesser la diffusion, alors qu\u2019elle sait cette information inexacte, est puni d\u2019un an d\u2019emprisonnement et de 15 000 euros d\u2019amende.<\/p>\n<p>&nbsp;<\/p>\n<h2>ARTICLE 7 \u2013 Droit applicable<\/h2>\n<p>Les pr\u00e9sentes conditions g\u00e9n\u00e9rales sont soumises au droit fran\u00e7ais.<\/p>\n<p>[\/et_pb_text][\/et_pb_column][\/et_pb_row][\/et_pb_section]<\/p>\n","protected":false},"excerpt":{"rendered":"<p>Mentions l\u00e9galesCe site est \u00e9dit\u00e9 par : BENEDICTE CISCATO CONSULTING &amp; COACHINGEURL, entreprise unipersonnelle \u00e0 responsabilit\u00e9 limit\u00e9e169 RUE DE LA RIANDERIE, 59700 MARCQ-EN-BAR\u0152ULSIRET : 98316404700018N\u00b0TVA : FR58983164047 Ce site est h\u00e9berg\u00e9 par : O2Switch, \u00ab\u00a0l\u2019h\u00e9bergeur\u00a0\u00bb dont le si\u00e8ge social est situ\u00e9 :CHE DES PARDIAUX 63000 CLERMONT FERRAND. T\u00e9l\u00e9phone : 0144446040. Le responsable de publication est [&hellip;]<\/p>\n","protected":false},"author":2,"featured_media":0,"parent":0,"menu_order":0,"comment_status":"closed","ping_status":"closed","template":"","meta":{"_et_pb_use_builder":"on","_et_pb_old_content":"<!-- wp:divi\/placeholder \/-->","_et_gb_content_width":"","footnotes":""},"dipi_cpt_category":[],"class_list":["post-187","page","type-page","status-publish","hentry"],"yoast_head":"<!-- This site is optimized with the Yoast SEO plugin v27.1.1 - https:\/\/yoast.com\/product\/yoast-seo-wordpress\/ -->\n<title>Mentions l\u00e9gales - Benedicte Ciscato<\/title>\n<meta name=\"robots\" content=\"index, follow, max-snippet:-1, max-image-preview:large, max-video-preview:-1\" \/>\n<link rel=\"canonical\" href=\"https:\/\/benedicteciscato.com\/en\/mentions-legales\/\" \/>\n<meta property=\"og:locale\" content=\"en_GB\" \/>\n<meta property=\"og:type\" content=\"article\" \/>\n<meta property=\"og:title\" content=\"Mentions l\u00e9gales - Benedicte Ciscato\" \/>\n<meta property=\"og:description\" content=\"Mentions l\u00e9galesCe site est \u00e9dit\u00e9 par : BENEDICTE CISCATO CONSULTING &amp; COACHINGEURL, entreprise unipersonnelle \u00e0 responsabilit\u00e9 limit\u00e9e169 RUE DE LA RIANDERIE, 59700 MARCQ-EN-BAR\u0152ULSIRET : 98316404700018N\u00b0TVA : FR58983164047 Ce site est h\u00e9berg\u00e9 par : O2Switch, \u00ab\u00a0l\u2019h\u00e9bergeur\u00a0\u00bb dont le si\u00e8ge social est situ\u00e9 :CHE DES PARDIAUX 63000 CLERMONT FERRAND. T\u00e9l\u00e9phone : 0144446040. Le responsable de publication est [&hellip;]\" \/>\n<meta property=\"og:url\" content=\"https:\/\/benedicteciscato.com\/en\/mentions-legales\/\" \/>\n<meta property=\"og:site_name\" content=\"Benedicte Ciscato\" \/>\n<meta property=\"article:modified_time\" content=\"2025-06-02T15:04:58+00:00\" \/>\n<meta name=\"twitter:card\" content=\"summary_large_image\" \/>\n<meta name=\"twitter:label1\" content=\"Estimated reading time\" \/>\n\t<meta name=\"twitter:data1\" content=\"5 minutes\" \/>\n<script type=\"application\/ld+json\" class=\"yoast-schema-graph\">{\"@context\":\"https:\/\/schema.org\",\"@graph\":[{\"@type\":\"WebPage\",\"@id\":\"https:\/\/benedicteciscato.com\/mentions-legales\/\",\"url\":\"https:\/\/benedicteciscato.com\/mentions-legales\/\",\"name\":\"Mentions l\u00e9gales - Benedicte Ciscato\",\"isPartOf\":{\"@id\":\"https:\/\/benedicteciscato.com\/#website\"},\"datePublished\":\"2025-05-12T16:13:21+00:00\",\"dateModified\":\"2025-06-02T15:04:58+00:00\",\"breadcrumb\":{\"@id\":\"https:\/\/benedicteciscato.com\/mentions-legales\/#breadcrumb\"},\"inLanguage\":\"en-GB\",\"potentialAction\":[{\"@type\":\"ReadAction\",\"target\":[\"https:\/\/benedicteciscato.com\/mentions-legales\/\"]}]},{\"@type\":\"BreadcrumbList\",\"@id\":\"https:\/\/benedicteciscato.com\/mentions-legales\/#breadcrumb\",\"itemListElement\":[{\"@type\":\"ListItem\",\"position\":1,\"name\":\"Accueil\",\"item\":\"https:\/\/benedicteciscato.com\/\"},{\"@type\":\"ListItem\",\"position\":2,\"name\":\"Mentions l\u00e9gales\"}]},{\"@type\":\"WebSite\",\"@id\":\"https:\/\/benedicteciscato.com\/#website\",\"url\":\"https:\/\/benedicteciscato.com\/\",\"name\":\"Benedicte Ciscato\",\"description\":\"Coaching de dirigeants &amp; management de transition\",\"publisher\":{\"@id\":\"https:\/\/benedicteciscato.com\/#organization\"},\"potentialAction\":[{\"@type\":\"SearchAction\",\"target\":{\"@type\":\"EntryPoint\",\"urlTemplate\":\"https:\/\/benedicteciscato.com\/?s={search_term_string}\"},\"query-input\":{\"@type\":\"PropertyValueSpecification\",\"valueRequired\":true,\"valueName\":\"search_term_string\"}}],\"inLanguage\":\"en-GB\"},{\"@type\":\"Organization\",\"@id\":\"https:\/\/benedicteciscato.com\/#organization\",\"name\":\"Benedicte Ciscato\",\"url\":\"https:\/\/benedicteciscato.com\/\",\"logo\":{\"@type\":\"ImageObject\",\"inLanguage\":\"en-GB\",\"@id\":\"https:\/\/benedicteciscato.com\/#\/schema\/logo\/image\/\",\"url\":\"https:\/\/benedicteciscato.com\/wp-content\/uploads\/2025\/05\/logo-benedicte-ciscato-coaching-dirigeant-entrepreneur-management-transition.svg\",\"contentUrl\":\"https:\/\/benedicteciscato.com\/wp-content\/uploads\/2025\/05\/logo-benedicte-ciscato-coaching-dirigeant-entrepreneur-management-transition.svg\",\"width\":1,\"height\":1,\"caption\":\"Benedicte Ciscato\"},\"image\":{\"@id\":\"https:\/\/benedicteciscato.com\/#\/schema\/logo\/image\/\"},\"sameAs\":[\"https:\/\/www.linkedin.com\/in\/benedicteciscato\"]}]}<\/script>\n<!-- \/ Yoast SEO plugin. -->","yoast_head_json":{"title":"Mentions l\u00e9gales - Benedicte Ciscato","robots":{"index":"index","follow":"follow","max-snippet":"max-snippet:-1","max-image-preview":"max-image-preview:large","max-video-preview":"max-video-preview:-1"},"canonical":"https:\/\/benedicteciscato.com\/en\/mentions-legales\/","og_locale":"en_GB","og_type":"article","og_title":"Mentions l\u00e9gales - Benedicte Ciscato","og_description":"Mentions l\u00e9galesCe site est \u00e9dit\u00e9 par : BENEDICTE CISCATO CONSULTING &amp; COACHINGEURL, entreprise unipersonnelle \u00e0 responsabilit\u00e9 limit\u00e9e169 RUE DE LA RIANDERIE, 59700 MARCQ-EN-BAR\u0152ULSIRET : 98316404700018N\u00b0TVA : FR58983164047 Ce site est h\u00e9berg\u00e9 par : O2Switch, \u00ab\u00a0l\u2019h\u00e9bergeur\u00a0\u00bb dont le si\u00e8ge social est situ\u00e9 :CHE DES PARDIAUX 63000 CLERMONT FERRAND. T\u00e9l\u00e9phone : 0144446040. Le responsable de publication est [&hellip;]","og_url":"https:\/\/benedicteciscato.com\/en\/mentions-legales\/","og_site_name":"Benedicte Ciscato","article_modified_time":"2025-06-02T15:04:58+00:00","twitter_card":"summary_large_image","twitter_misc":{"Estimated reading time":"5 minutes"},"schema":{"@context":"https:\/\/schema.org","@graph":[{"@type":"WebPage","@id":"https:\/\/benedicteciscato.com\/mentions-legales\/","url":"https:\/\/benedicteciscato.com\/mentions-legales\/","name":"Mentions l\u00e9gales - Benedicte Ciscato","isPartOf":{"@id":"https:\/\/benedicteciscato.com\/#website"},"datePublished":"2025-05-12T16:13:21+00:00","dateModified":"2025-06-02T15:04:58+00:00","breadcrumb":{"@id":"https:\/\/benedicteciscato.com\/mentions-legales\/#breadcrumb"},"inLanguage":"en-GB","potentialAction":[{"@type":"ReadAction","target":["https:\/\/benedicteciscato.com\/mentions-legales\/"]}]},{"@type":"BreadcrumbList","@id":"https:\/\/benedicteciscato.com\/mentions-legales\/#breadcrumb","itemListElement":[{"@type":"ListItem","position":1,"name":"Accueil","item":"https:\/\/benedicteciscato.com\/"},{"@type":"ListItem","position":2,"name":"Mentions l\u00e9gales"}]},{"@type":"WebSite","@id":"https:\/\/benedicteciscato.com\/#website","url":"https:\/\/benedicteciscato.com\/","name":"Benedicte Ciscato","description":"Coaching de dirigeants &amp; management de transition","publisher":{"@id":"https:\/\/benedicteciscato.com\/#organization"},"potentialAction":[{"@type":"SearchAction","target":{"@type":"EntryPoint","urlTemplate":"https:\/\/benedicteciscato.com\/?s={search_term_string}"},"query-input":{"@type":"PropertyValueSpecification","valueRequired":true,"valueName":"search_term_string"}}],"inLanguage":"en-GB"},{"@type":"Organization","@id":"https:\/\/benedicteciscato.com\/#organization","name":"Benedicte Ciscato","url":"https:\/\/benedicteciscato.com\/","logo":{"@type":"ImageObject","inLanguage":"en-GB","@id":"https:\/\/benedicteciscato.com\/#\/schema\/logo\/image\/","url":"https:\/\/benedicteciscato.com\/wp-content\/uploads\/2025\/05\/logo-benedicte-ciscato-coaching-dirigeant-entrepreneur-management-transition.svg","contentUrl":"https:\/\/benedicteciscato.com\/wp-content\/uploads\/2025\/05\/logo-benedicte-ciscato-coaching-dirigeant-entrepreneur-management-transition.svg","width":1,"height":1,"caption":"Benedicte Ciscato"},"image":{"@id":"https:\/\/benedicteciscato.com\/#\/schema\/logo\/image\/"},"sameAs":["https:\/\/www.linkedin.com\/in\/benedicteciscato"]}]}},"_links":{"self":[{"href":"https:\/\/benedicteciscato.com\/en\/wp-json\/wp\/v2\/pages\/187","targetHints":{"allow":["GET"]}}],"collection":[{"href":"https:\/\/benedicteciscato.com\/en\/wp-json\/wp\/v2\/pages"}],"about":[{"href":"https:\/\/benedicteciscato.com\/en\/wp-json\/wp\/v2\/types\/page"}],"author":[{"embeddable":true,"href":"https:\/\/benedicteciscato.com\/en\/wp-json\/wp\/v2\/users\/2"}],"replies":[{"embeddable":true,"href":"https:\/\/benedicteciscato.com\/en\/wp-json\/wp\/v2\/comments?post=187"}],"version-history":[{"count":6,"href":"https:\/\/benedicteciscato.com\/en\/wp-json\/wp\/v2\/pages\/187\/revisions"}],"predecessor-version":[{"id":459,"href":"https:\/\/benedicteciscato.com\/en\/wp-json\/wp\/v2\/pages\/187\/revisions\/459"}],"wp:attachment":[{"href":"https:\/\/benedicteciscato.com\/en\/wp-json\/wp\/v2\/media?parent=187"}],"wp:term":[{"taxonomy":"dipi_cpt_category","embeddable":true,"href":"https:\/\/benedicteciscato.com\/en\/wp-json\/wp\/v2\/dipi_cpt_category?post=187"}],"curies":[{"name":"wp","href":"https:\/\/api.w.org\/{rel}","templated":true}]}}